{"id":214,"date":"2009-02-10T15:40:51","date_gmt":"2009-02-10T13:40:51","guid":{"rendered":"https:\/\/toompark.com\/aarne\/kasutustingimused\/"},"modified":"2023-02-10T06:51:53","modified_gmt":"2023-02-10T04:51:53","slug":"kasutustingimused","status":"publish","type":"page","link":"https:\/\/toompark.com\/aarne\/kasutustingimused\/","title":{"rendered":"Kasutustingimused"},"content":{"rendered":"<p>See on minu, Aarne Toompark'i, koduleht ja ma kirjutan siia mida heaks arvan.<\/p>\n<p>Selle blogi postituste lugemine ei n\u00f5ua k\u00e4esolevate kasutustingimustega n\u00f5ustumist. Kommenteerimine n\u00f5uab.<\/p>\n<h3>\u00dcldine<\/h3>\n<p>K\u00e4esoleval kodulehek\u00fcljel avaldatud postitused ja\/v\u00f5i materjalid v\u00f5ivad, aga samas ei pruugi \u00fcldse mitte:<\/p>\n<ul>\n<li>vastata t\u00f5ele;<\/li>\n<li>sisaldada valet, pettust ja laimu;<\/li>\n<li>sisaldada minu, minu pere v\u00f5i t\u00f6\u00f6andja arvamust, seisukohti v\u00f5i t\u00f5ekspidamisi;<\/li>\n<li>olla m\u00f5eldud huumorina;<\/li>\n<li>olla m\u00f5eldud pettusena;<\/li>\n<li>olla j\u00e4rgimisel tervisele ohutud;<\/li>\n<li>tekitada s\u00f5ltuvust;<\/li>\n<li>sisaldada n\u00e4pu-, ilu-, stiili-, kirja-, ja muid vigu.<\/li>\n<\/ul>\n<p>K\u00f5ik, mis pole keelatud, on lubatud. K\u00f5ik, mis pole lubatud, on keelatud. K\u00f5ik on k\u00f5ik. Lubatud on keelatud.<\/p>\n<p>Ma ei kuulu parteisse. Ei ole kunagi kuulunud. L\u00e4hemal ajal ei kavatse kuuluma hakata kah. K\u00f5ige poliitilisem organisatsioon, mille liige ma olen olnud, oli V.I. Lenini nimeline pioneeriorganisatsioon millest ma pole kunagi v\u00e4lja astunud.<\/p>\n<p>Olen <a title=\"MT\u00dc Piraadipartei\" href=\"http:\/\/piraadipartei.ee\/\">MT\u00dc Piraadipartei<\/a> liige. 20.10.2013 toimunud kohalike omavalitsuste volikogude valimistel kandideerisin ma valimisliidu \"<a title=\"Vaba Tallinna Kodanik\" href=\"https:\/\/www.vtk.ee\/\">Vaba Tallinna Kodanik<\/a>\" nimekirjas Tallinnas, Mustam\u00e4el.<\/p>\n<p>Blogis avaldatud seisukohad on mu isiklikud ja ei v\u00e4ljenda, aga samas v\u00f5ivad siiski v\u00e4ljendada, nende gruppide, mille koosseisu ma kuulun, seisukohti, arvamusi, jne. L\u00fchidalt: tegu on era- ja hobiblogiga.<\/p>\n<h3>Kommenteerimine<\/h3>\n<p>K\u00f5igile viisakatele ja headele inimestele annan ma v\u00f5imaluse oma postitusi kommenteerida.<\/p>\n<p>Kommertssisuga kommentaarid avaldan ma peale tasu laekumist minu pangakontole. Eelneval koosk\u00f5lastamatta reklaamkommentaarid kustutan ette hoiatamata. \"Toolid t\u00e4na, raha homme \" printsiip kehtib siis, kui \"toolid (raha)\" on sinu- ja \"raha (kommentaari avaldamine)\" minu poolt.<\/p>\n<p>Kui sa avaldad j\u00e4rjest hunniku sisut\u00fchje kommentaare mille ainsaks eesm\u00e4rgiks on <em>nofollow<\/em> linkide saamine oma veebisaidile, siis ma eemaldan need lingid. Kui kommentaarid on v\u00e4ga sisut\u00fchjad, siis eemaldan ka need.<\/p>\n<p>Postituse sisuga mitteseonduvad kommentaarid kustutan v\u00f5i tsenseerin. Kolmandaid osapooli mustata ei tohi.<\/p>\n<h3>T\u00f5sine osa<\/h3>\n<p>Postituste eest, mis on m\u00e4rgitud tagiga \"<a title=\"Tasutud teadaanded\" href=\"https:\/\/toompark.com\/aarne\/tag\/tasutud-teadaanded\/\">Tasutud teadaanded<\/a>\" olen ma saanud materiaalseid h\u00fcvesid. Nende postituste l\u00f5pus on j\u00e4rgmine teade:<\/p>\n<hr \/><blockquote style=\"width: 75%;\"><p><a title=\"Kommertspostitused\" \r\n    href=\"https:\/\/toompark.pri.ee\/aarne\/tag\/tasutud-teadaanded\/\"><img loading=\"lazy\" decoding=\"async\" height=\"32\" width=\"32\"\r\n    src=\"https:\/\/toompark.pri.ee\/aarne\/wp-content\/pann\/tasutud-teadaanne.gif\" \r\n    alt=\"Tasutud teadaanne\" align=\"left\" border=\"0\" hspace=\"5\" \/><\/a>Tegemist \r\n    on postitusega, mille eest ma olen saanud v\u00f5i saan mingisuguseid h\u00fcvesid.<\/p><\/blockquote><hr \/>\n<p>Ja et asi oleks selgem, siis veelkord puust ja punaselt: kui postitus on m\u00e4rgistatud, siis olen ma selle kirjutamise eest mingeid h\u00fcvesid saanud. Niisugused postitused on <strong>ALATI<\/strong>, ilma \u00fchegi erandita m\u00e4rgistatud. K\u00f5ik \u00fclej\u00e4\u00e4nud postitused olen ma avaldanud iseenda r\u00f5\u00f5muks ja nende eest <strong>EI OLE<\/strong> ma midagi peale kirjutamisr\u00f5\u00f5mu saanud.<\/p>\n<p>Olen avatud uutele pakkumistele.<\/p>\n<p style=\"text-align: center;\">* * *<\/p>\n<p>Minu blogis ilmuvad reklaamid ei pruugi peegeldada minu arvamusi, eelistusi v\u00f5i t\u00f5ekspidamisi. Ma j\u00e4tan endale \u00f5iguse reklaamitavate toodete ja teenuste kohta nii positiivse kui negatiivse arvamuse avaldamiseks.<\/p>\n<p style=\"text-align: center;\">* * *<\/p>\n<p>Kui sa siit mingeid materjale kasutad siis lisa ka viide <a title=\"Aarne Toompark\" href=\"https:\/\/toompark.com\/aarne\/\">https:\/\/toompark.com\/aarne\/<\/a> ning anna mullegi teada aadressil aarne@toompark.com v\u00f5i telefonil +372 502 9709. T\u00e4psemalt vaata siit: <a title=\"Kontaktandmed\" href=\"https:\/\/toompark.com\/aarne\/kontaktandmed\/\">Kontaktandmed<\/a>.<\/p>\n<p>Samadel kontaktandmetel saab \u00fchendust ka annetuste tegemiseks. Kui lihtsalt tahad raha anda, siis kanna see minu kontole 1108068370 Swedpankis.<\/p>\n<p>Mina omalt poolt annan oma parima, et kodulehe sisu vastaks \u00fclaltoodud tingimustele.<\/p>\n<p style=\"text-align: center;\"><img decoding=\"async\" id=\"image213\" title=\"Aarne Toompark\" src=\"https:\/\/toompark.com\/aarne\/wp-content\/uploads\/2006\/08\/aarne_toompark.jpg\" alt=\"Aarne Toompark\" \/><\/p>\n<p><small>Uuendatud 25.01.2017<\/small><\/p>\n","protected":false},"excerpt":{"rendered":"<p>See on minu, Aarne Toompark&#8217;i, koduleht ja ma kirjutan siia mida heaks arvan. Selle blogi postituste lugemine ei n\u00f5ua k\u00e4esolevate kasutustingimustega n\u00f5ustumist. Kommenteerimine n\u00f5uab. \u00dcldine K\u00e4esoleval kodulehek\u00fcljel avaldatud postitused ja\/v\u00f5i materjalid v\u00f5ivad, aga samas ei pruugi \u00fcldse mitte: vastata t\u00f5ele;<span class=\"ellipsis\">&hellip;<\/span><\/p>\n<div class=\"read-more\"><a href=\"https:\/\/toompark.com\/aarne\/kasutustingimused\/\">Loe veel &#8250;<\/a><\/div>\n<p><!-- end of .read-more --><\/p>\n","protected":false},"author":1,"featured_media":16385,"parent":0,"menu_order":10,"comment_status":"open","ping_status":"open","template":"","meta":{"footnotes":""},"class_list":["post-214","page","type-page","status-publish","has-post-thumbnail","hentry"],"yoast_head":"<!-- This site is optimized with the Yoast SEO plugin v27.5 - https:\/\/yoast.com\/product\/yoast-seo-wordpress\/ -->\n<title>Kasutustingimused - Aarne bloog<\/title>\n<meta name=\"robots\" content=\"index, follow, max-snippet:-1, max-image-preview:large, max-video-preview:-1\" \/>\n<link rel=\"canonical\" href=\"https:\/\/toompark.com\/aarne\/kasutustingimused\/\" \/>\n<meta property=\"og:locale\" content=\"et_EE\" \/>\n<meta property=\"og:type\" content=\"article\" \/>\n<meta property=\"og:title\" content=\"Kasutustingimused - Aarne bloog\" \/>\n<meta property=\"og:description\" content=\"See on minu, Aarne Toompark&#039;i, koduleht ja ma kirjutan siia mida heaks arvan. Selle blogi postituste lugemine ei n\u00f5ua k\u00e4esolevate kasutustingimustega n\u00f5ustumist. Kommenteerimine n\u00f5uab. \u00dcldine K\u00e4esoleval kodulehek\u00fcljel avaldatud postitused ja\/v\u00f5i materjalid v\u00f5ivad, aga samas ei pruugi \u00fcldse mitte: vastata t\u00f5ele;&hellip;Loe veel &#8250;\" \/>\n<meta property=\"og:url\" content=\"https:\/\/toompark.com\/aarne\/kasutustingimused\/\" \/>\n<meta property=\"og:site_name\" content=\"Aarne bloog\" \/>\n<meta property=\"article:publisher\" content=\"https:\/\/www.facebook.com\/aarne.toompark\" \/>\n<meta property=\"article:modified_time\" content=\"2023-02-10T04:51:53+00:00\" \/>\n<meta property=\"og:image\" content=\"https:\/\/toompark.com\/aarne\/wp-content\/uploads\/2016\/11\/aarne-toompark.jpg\" \/>\n\t<meta property=\"og:image:width\" content=\"500\" \/>\n\t<meta property=\"og:image:height\" content=\"500\" \/>\n\t<meta property=\"og:image:type\" content=\"image\/jpeg\" \/>\n<meta name=\"twitter:card\" content=\"summary_large_image\" \/>\n<meta name=\"twitter:site\" content=\"@Aarne\" \/>\n<meta name=\"twitter:label1\" content=\"Est. reading time\" \/>\n\t<meta name=\"twitter:data1\" content=\"3 minutit\" \/>\n<script type=\"application\/ld+json\" class=\"yoast-schema-graph\">{\"@context\":\"https:\\\/\\\/schema.org\",\"@graph\":[{\"@type\":\"WebPage\",\"@id\":\"https:\\\/\\\/toompark.com\\\/aarne\\\/kasutustingimused\\\/\",\"url\":\"https:\\\/\\\/toompark.com\\\/aarne\\\/kasutustingimused\\\/\",\"name\":\"Kasutustingimused - Aarne bloog\",\"isPartOf\":{\"@id\":\"https:\\\/\\\/toompark.com\\\/aarne\\\/#website\"},\"primaryImageOfPage\":{\"@id\":\"https:\\\/\\\/toompark.com\\\/aarne\\\/kasutustingimused\\\/#primaryimage\"},\"image\":{\"@id\":\"https:\\\/\\\/toompark.com\\\/aarne\\\/kasutustingimused\\\/#primaryimage\"},\"thumbnailUrl\":\"https:\\\/\\\/toompark.com\\\/aarne\\\/wp-content\\\/uploads\\\/2016\\\/11\\\/aarne-toompark.jpg\",\"datePublished\":\"2009-02-10T13:40:51+00:00\",\"dateModified\":\"2023-02-10T04:51:53+00:00\",\"breadcrumb\":{\"@id\":\"https:\\\/\\\/toompark.com\\\/aarne\\\/kasutustingimused\\\/#breadcrumb\"},\"inLanguage\":\"et\",\"potentialAction\":[{\"@type\":\"ReadAction\",\"target\":[\"https:\\\/\\\/toompark.com\\\/aarne\\\/kasutustingimused\\\/\"]}]},{\"@type\":\"ImageObject\",\"inLanguage\":\"et\",\"@id\":\"https:\\\/\\\/toompark.com\\\/aarne\\\/kasutustingimused\\\/#primaryimage\",\"url\":\"https:\\\/\\\/toompark.com\\\/aarne\\\/wp-content\\\/uploads\\\/2016\\\/11\\\/aarne-toompark.jpg\",\"contentUrl\":\"https:\\\/\\\/toompark.com\\\/aarne\\\/wp-content\\\/uploads\\\/2016\\\/11\\\/aarne-toompark.jpg\",\"width\":500,\"height\":500},{\"@type\":\"BreadcrumbList\",\"@id\":\"https:\\\/\\\/toompark.com\\\/aarne\\\/kasutustingimused\\\/#breadcrumb\",\"itemListElement\":[{\"@type\":\"ListItem\",\"position\":1,\"name\":\"Home\",\"item\":\"https:\\\/\\\/toompark.com\\\/aarne\\\/\"},{\"@type\":\"ListItem\",\"position\":2,\"name\":\"Kasutustingimused\"}]},{\"@type\":\"WebSite\",\"@id\":\"https:\\\/\\\/toompark.com\\\/aarne\\\/#website\",\"url\":\"https:\\\/\\\/toompark.com\\\/aarne\\\/\",\"name\":\"Aarne bloog\",\"description\":\"Aarne elu ja tegemised - elu ise\",\"publisher\":{\"@id\":\"https:\\\/\\\/toompark.com\\\/aarne\\\/#\\\/schema\\\/person\\\/cad6a11e0fa62991870721d353fe8b1b\"},\"potentialAction\":[{\"@type\":\"SearchAction\",\"target\":{\"@type\":\"EntryPoint\",\"urlTemplate\":\"https:\\\/\\\/toompark.com\\\/aarne\\\/?s={search_term_string}\"},\"query-input\":{\"@type\":\"PropertyValueSpecification\",\"valueRequired\":true,\"valueName\":\"search_term_string\"}}],\"inLanguage\":\"et\"},{\"@type\":[\"Person\",\"Organization\"],\"@id\":\"https:\\\/\\\/toompark.com\\\/aarne\\\/#\\\/schema\\\/person\\\/cad6a11e0fa62991870721d353fe8b1b\",\"name\":\"Aarne\",\"image\":{\"@type\":\"ImageObject\",\"inLanguage\":\"et\",\"@id\":\"https:\\\/\\\/toompark.com\\\/aarne\\\/wp-content\\\/uploads\\\/2016\\\/11\\\/aarne-toompark.jpg\",\"url\":\"https:\\\/\\\/toompark.com\\\/aarne\\\/wp-content\\\/uploads\\\/2016\\\/11\\\/aarne-toompark.jpg\",\"contentUrl\":\"https:\\\/\\\/toompark.com\\\/aarne\\\/wp-content\\\/uploads\\\/2016\\\/11\\\/aarne-toompark.jpg\",\"width\":500,\"height\":500,\"caption\":\"Aarne\"},\"logo\":{\"@id\":\"https:\\\/\\\/toompark.com\\\/aarne\\\/wp-content\\\/uploads\\\/2016\\\/11\\\/aarne-toompark.jpg\"},\"sameAs\":[\"https:\\\/\\\/toompark.com\\\/aarne\\\/\",\"https:\\\/\\\/www.facebook.com\\\/aarne.toompark\",\"https:\\\/\\\/www.instagram.com\\\/aarnet\\\/\",\"https:\\\/\\\/www.linkedin.com\\\/in\\\/aarnetoompark\\\/\",\"https:\\\/\\\/x.com\\\/Aarne\"]}]}<\/script>\n<!-- \/ Yoast SEO plugin. -->","yoast_head_json":{"title":"Kasutustingimused - Aarne bloog","robots":{"index":"index","follow":"follow","max-snippet":"max-snippet:-1","max-image-preview":"max-image-preview:large","max-video-preview":"max-video-preview:-1"},"canonical":"https:\/\/toompark.com\/aarne\/kasutustingimused\/","og_locale":"et_EE","og_type":"article","og_title":"Kasutustingimused - Aarne bloog","og_description":"See on minu, Aarne Toompark'i, koduleht ja ma kirjutan siia mida heaks arvan. Selle blogi postituste lugemine ei n\u00f5ua k\u00e4esolevate kasutustingimustega n\u00f5ustumist. Kommenteerimine n\u00f5uab. \u00dcldine K\u00e4esoleval kodulehek\u00fcljel avaldatud postitused ja\/v\u00f5i materjalid v\u00f5ivad, aga samas ei pruugi \u00fcldse mitte: vastata t\u00f5ele;&hellip;Loe veel &#8250;","og_url":"https:\/\/toompark.com\/aarne\/kasutustingimused\/","og_site_name":"Aarne bloog","article_publisher":"https:\/\/www.facebook.com\/aarne.toompark","article_modified_time":"2023-02-10T04:51:53+00:00","og_image":[{"width":500,"height":500,"url":"https:\/\/toompark.com\/aarne\/wp-content\/uploads\/2016\/11\/aarne-toompark.jpg","type":"image\/jpeg"}],"twitter_card":"summary_large_image","twitter_site":"@Aarne","twitter_misc":{"Est. reading time":"3 minutit"},"schema":{"@context":"https:\/\/schema.org","@graph":[{"@type":"WebPage","@id":"https:\/\/toompark.com\/aarne\/kasutustingimused\/","url":"https:\/\/toompark.com\/aarne\/kasutustingimused\/","name":"Kasutustingimused - Aarne bloog","isPartOf":{"@id":"https:\/\/toompark.com\/aarne\/#website"},"primaryImageOfPage":{"@id":"https:\/\/toompark.com\/aarne\/kasutustingimused\/#primaryimage"},"image":{"@id":"https:\/\/toompark.com\/aarne\/kasutustingimused\/#primaryimage"},"thumbnailUrl":"https:\/\/toompark.com\/aarne\/wp-content\/uploads\/2016\/11\/aarne-toompark.jpg","datePublished":"2009-02-10T13:40:51+00:00","dateModified":"2023-02-10T04:51:53+00:00","breadcrumb":{"@id":"https:\/\/toompark.com\/aarne\/kasutustingimused\/#breadcrumb"},"inLanguage":"et","potentialAction":[{"@type":"ReadAction","target":["https:\/\/toompark.com\/aarne\/kasutustingimused\/"]}]},{"@type":"ImageObject","inLanguage":"et","@id":"https:\/\/toompark.com\/aarne\/kasutustingimused\/#primaryimage","url":"https:\/\/toompark.com\/aarne\/wp-content\/uploads\/2016\/11\/aarne-toompark.jpg","contentUrl":"https:\/\/toompark.com\/aarne\/wp-content\/uploads\/2016\/11\/aarne-toompark.jpg","width":500,"height":500},{"@type":"BreadcrumbList","@id":"https:\/\/toompark.com\/aarne\/kasutustingimused\/#breadcrumb","itemListElement":[{"@type":"ListItem","position":1,"name":"Home","item":"https:\/\/toompark.com\/aarne\/"},{"@type":"ListItem","position":2,"name":"Kasutustingimused"}]},{"@type":"WebSite","@id":"https:\/\/toompark.com\/aarne\/#website","url":"https:\/\/toompark.com\/aarne\/","name":"Aarne bloog","description":"Aarne elu ja tegemised - elu ise","publisher":{"@id":"https:\/\/toompark.com\/aarne\/#\/schema\/person\/cad6a11e0fa62991870721d353fe8b1b"},"potentialAction":[{"@type":"SearchAction","target":{"@type":"EntryPoint","urlTemplate":"https:\/\/toompark.com\/aarne\/?s={search_term_string}"},"query-input":{"@type":"PropertyValueSpecification","valueRequired":true,"valueName":"search_term_string"}}],"inLanguage":"et"},{"@type":["Person","Organization"],"@id":"https:\/\/toompark.com\/aarne\/#\/schema\/person\/cad6a11e0fa62991870721d353fe8b1b","name":"Aarne","image":{"@type":"ImageObject","inLanguage":"et","@id":"https:\/\/toompark.com\/aarne\/wp-content\/uploads\/2016\/11\/aarne-toompark.jpg","url":"https:\/\/toompark.com\/aarne\/wp-content\/uploads\/2016\/11\/aarne-toompark.jpg","contentUrl":"https:\/\/toompark.com\/aarne\/wp-content\/uploads\/2016\/11\/aarne-toompark.jpg","width":500,"height":500,"caption":"Aarne"},"logo":{"@id":"https:\/\/toompark.com\/aarne\/wp-content\/uploads\/2016\/11\/aarne-toompark.jpg"},"sameAs":["https:\/\/toompark.com\/aarne\/","https:\/\/www.facebook.com\/aarne.toompark","https:\/\/www.instagram.com\/aarnet\/","https:\/\/www.linkedin.com\/in\/aarnetoompark\/","https:\/\/x.com\/Aarne"]}]}},"jetpack_sharing_enabled":true,"jetpack_shortlink":"https:\/\/wp.me\/P4ti3-3s","_links":{"self":[{"href":"https:\/\/toompark.com\/aarne\/wp-json\/wp\/v2\/pages\/214","targetHints":{"allow":["GET"]}}],"collection":[{"href":"https:\/\/toompark.com\/aarne\/wp-json\/wp\/v2\/pages"}],"about":[{"href":"https:\/\/toompark.com\/aarne\/wp-json\/wp\/v2\/types\/page"}],"author":[{"embeddable":true,"href":"https:\/\/toompark.com\/aarne\/wp-json\/wp\/v2\/users\/1"}],"replies":[{"embeddable":true,"href":"https:\/\/toompark.com\/aarne\/wp-json\/wp\/v2\/comments?post=214"}],"version-history":[{"count":0,"href":"https:\/\/toompark.com\/aarne\/wp-json\/wp\/v2\/pages\/214\/revisions"}],"wp:featuredmedia":[{"embeddable":true,"href":"https:\/\/toompark.com\/aarne\/wp-json\/wp\/v2\/media\/16385"}],"wp:attachment":[{"href":"https:\/\/toompark.com\/aarne\/wp-json\/wp\/v2\/media?parent=214"}],"curies":[{"name":"wp","href":"https:\/\/api.w.org\/{rel}","templated":true}]}}