{"id":204,"date":"2013-02-25T21:12:22","date_gmt":"2013-02-25T19:12:22","guid":{"rendered":"http:\/\/toompark.com\/pq\/?page_id=204"},"modified":"2013-02-26T09:34:07","modified_gmt":"2013-02-26T07:34:07","slug":"ireland-day","status":"publish","type":"page","link":"https:\/\/toompark.com\/pq\/estonia\/ireland-day\/","title":{"rendered":"Ireland day"},"content":{"rendered":"<p style=\"text-align: center;\">\u00a0<strong>Hello, Ireland!<\/strong><\/p>\n<p style=\"text-align: center;\"><strong><\/strong>Tere Iirimaa!<\/p>\n<p><a href=\"https:\/\/toompark.com\/pq\/wp-content\/uploads\/2013\/02\/20130220-103526-03.jpg\"><img loading=\"lazy\" decoding=\"async\" class=\"aligncenter size-medium wp-image-205\" alt=\"20130220-103526-03\" src=\"https:\/\/toompark.com\/pq\/wp-content\/uploads\/2013\/02\/20130220-103526-03-300x200.jpg\" width=\"300\" height=\"200\" srcset=\"https:\/\/toompark.com\/pq\/wp-content\/uploads\/2013\/02\/20130220-103526-03-300x200.jpg 300w, https:\/\/toompark.com\/pq\/wp-content\/uploads\/2013\/02\/20130220-103526-03-1024x682.jpg 1024w\" sizes=\"auto, (max-width: 300px) 100vw, 300px\" \/><\/a><\/p>\n<p style=\"text-align: center;\">Irish \u00a0flags, of course, \u00a0made by kids.<\/p>\n<p style=\"text-align: center;\">Lipud on loomulikult laste endi tehtud.<\/p>\n<p><a href=\"https:\/\/toompark.com\/pq\/wp-content\/uploads\/2013\/02\/20130220-111731-23.jpg\"><img loading=\"lazy\" decoding=\"async\" class=\"aligncenter size-medium wp-image-207\" alt=\"20130220-111731-23\" src=\"https:\/\/toompark.com\/pq\/wp-content\/uploads\/2013\/02\/20130220-111731-23-300x200.jpg\" width=\"300\" height=\"200\" srcset=\"https:\/\/toompark.com\/pq\/wp-content\/uploads\/2013\/02\/20130220-111731-23-300x200.jpg 300w, https:\/\/toompark.com\/pq\/wp-content\/uploads\/2013\/02\/20130220-111731-23-1024x682.jpg 1024w\" sizes=\"auto, (max-width: 300px) 100vw, 300px\" \/><\/a><a href=\"https:\/\/toompark.com\/pq\/wp-content\/uploads\/2013\/02\/20130220-111438-17.jpg\"><img loading=\"lazy\" decoding=\"async\" class=\"aligncenter size-medium wp-image-206\" alt=\"20130220-111438-17\" src=\"https:\/\/toompark.com\/pq\/wp-content\/uploads\/2013\/02\/20130220-111438-17-300x200.jpg\" width=\"300\" height=\"200\" srcset=\"https:\/\/toompark.com\/pq\/wp-content\/uploads\/2013\/02\/20130220-111438-17-300x200.jpg 300w, https:\/\/toompark.com\/pq\/wp-content\/uploads\/2013\/02\/20130220-111438-17-1024x682.jpg 1024w\" sizes=\"auto, (max-width: 300px) 100vw, 300px\" \/><\/a><\/p>\n<p style=\"text-align: center;\">Story: Jamie\u00b4s adventures with leprechauns.<\/p>\n<p style=\"text-align: center;\">Lugu vaesest Jamiest\u00a0 ja h\u00e4rjap\u00f5lvlastest.<\/p>\n<p style=\"text-align: center;\"><a href=\"https:\/\/toompark.com\/pq\/wp-content\/uploads\/2013\/02\/20130220-112422-31.jpg\"><img loading=\"lazy\" decoding=\"async\" class=\"aligncenter size-medium wp-image-209\" alt=\"20130220-112422-31\" src=\"https:\/\/toompark.com\/pq\/wp-content\/uploads\/2013\/02\/20130220-112422-31-300x200.jpg\" width=\"300\" height=\"200\" srcset=\"https:\/\/toompark.com\/pq\/wp-content\/uploads\/2013\/02\/20130220-112422-31-300x200.jpg 300w, https:\/\/toompark.com\/pq\/wp-content\/uploads\/2013\/02\/20130220-112422-31-1024x682.jpg 1024w\" sizes=\"auto, (max-width: 300px) 100vw, 300px\" \/><\/a><\/p>\n<p style=\"text-align: center;\">Riverdance:)<\/p>\n<p><a href=\"https:\/\/toompark.com\/pq\/wp-content\/uploads\/2013\/02\/20130220-113720-40.jpg\"><img loading=\"lazy\" decoding=\"async\" class=\"aligncenter size-medium wp-image-210\" alt=\"20130220-113720-40\" src=\"https:\/\/toompark.com\/pq\/wp-content\/uploads\/2013\/02\/20130220-113720-40-300x200.jpg\" width=\"300\" height=\"200\" srcset=\"https:\/\/toompark.com\/pq\/wp-content\/uploads\/2013\/02\/20130220-113720-40-300x200.jpg 300w, https:\/\/toompark.com\/pq\/wp-content\/uploads\/2013\/02\/20130220-113720-40-1024x682.jpg 1024w\" sizes=\"auto, (max-width: 300px) 100vw, 300px\" \/><\/a><a href=\"https:\/\/toompark.com\/pq\/wp-content\/uploads\/2013\/02\/20130220-114056-41.jpg\"><br \/>\n<\/a><\/p>\n<p style=\"text-align: center;\">\u00a0Musical teacher Kaiu introducing Irish tin whistle, \u00a0Christmas gift from Irish friends.<\/p>\n<p style=\"text-align: center;\">\u00a0Muusika\u00f5petaja Kaiu tutvustab Iiri tinavilet, mille saime j\u00f5ulukingiks Iiri s\u00f5pradelt.<\/p>\n<p><a href=\"https:\/\/toompark.com\/pq\/wp-content\/uploads\/2013\/02\/20130220-112030-25.jpg\"><img loading=\"lazy\" decoding=\"async\" class=\"aligncenter size-medium wp-image-208\" alt=\"20130220-112030-25\" src=\"https:\/\/toompark.com\/pq\/wp-content\/uploads\/2013\/02\/20130220-112030-25-300x200.jpg\" width=\"300\" height=\"200\" srcset=\"https:\/\/toompark.com\/pq\/wp-content\/uploads\/2013\/02\/20130220-112030-25-300x200.jpg 300w, https:\/\/toompark.com\/pq\/wp-content\/uploads\/2013\/02\/20130220-112030-25-1024x682.jpg 1024w\" sizes=\"auto, (max-width: 300px) 100vw, 300px\" \/><\/a><\/p>\n<p style=\"text-align: center;\">\u00a0Leprechaun escaped with gold!<\/p>\n<p style=\"text-align: center;\">H\u00e4rjap\u00f5lvlane p\u00f5genes koos kullaga.<\/p>\n<p><a href=\"https:\/\/toompark.com\/pq\/wp-content\/uploads\/2013\/02\/20130220-114056-41.jpg\"><img loading=\"lazy\" decoding=\"async\" class=\"aligncenter size-medium wp-image-211\" alt=\"20130220-114056-41\" src=\"https:\/\/toompark.com\/pq\/wp-content\/uploads\/2013\/02\/20130220-114056-41-200x300.jpg\" width=\"200\" height=\"300\" srcset=\"https:\/\/toompark.com\/pq\/wp-content\/uploads\/2013\/02\/20130220-114056-41-200x300.jpg 200w, https:\/\/toompark.com\/pq\/wp-content\/uploads\/2013\/02\/20130220-114056-41-682x1024.jpg 682w\" sizes=\"auto, (max-width: 200px) 100vw, 200px\" \/><\/a><\/p>\n<p style=\"text-align: center;\">\u00a0Irish stew was very tasty!<\/p>\n<p style=\"text-align: center;\">Iiri hautis maitses h\u00e4sti, k\u00f5ik s\u00f6\u00f6di \u00e4ra.<\/p>\n<p style=\"text-align: center;\"><a href=\"https:\/\/www.allrecipes.com\/recipe\/16035\/irish-lamb-stew\/\">https:\/\/www.allrecipes.com\/recipe\/16035\/irish-lamb-stew\/<\/a><\/p>\n<p><a href=\"https:\/\/toompark.com\/pq\/wp-content\/uploads\/2013\/02\/20130220-133625-43.jpg\"><img loading=\"lazy\" decoding=\"async\" class=\"aligncenter size-medium wp-image-212\" alt=\"20130220-133625-43\" src=\"https:\/\/toompark.com\/pq\/wp-content\/uploads\/2013\/02\/20130220-133625-43-300x200.jpg\" width=\"300\" height=\"200\" srcset=\"https:\/\/toompark.com\/pq\/wp-content\/uploads\/2013\/02\/20130220-133625-43-300x200.jpg 300w, https:\/\/toompark.com\/pq\/wp-content\/uploads\/2013\/02\/20130220-133625-43-1024x682.jpg 1024w\" sizes=\"auto, (max-width: 300px) 100vw, 300px\" \/><\/a><\/p>\n","protected":false},"excerpt":{"rendered":"<p>\u00a0Hello, Ireland! Tere Iirimaa! Irish \u00a0flags, of course, \u00a0made by kids. Lipud on loomulikult laste endi tehtud. Story: Jamie\u00b4s adventures with leprechauns. Lugu vaesest Jamiest\u00a0 ja h\u00e4rjap\u00f5lvlastest. Riverdance:) \u00a0Musical teacher Kaiu introducing Irish tin whistle, \u00a0Christmas gift from Irish friends. \u00a0Muusika\u00f5petaja Kaiu tutvustab Iiri tinavilet, mille saime j\u00f5ulukingiks Iiri s\u00f5pradelt. \u00a0Leprechaun escaped with gold! H\u00e4rjap\u00f5lvlane [&hellip;]<\/p>\n","protected":false},"author":2,"featured_media":0,"parent":5,"menu_order":0,"comment_status":"closed","ping_status":"open","template":"","meta":{"footnotes":""},"class_list":["post-204","page","type-page","status-publish","hentry"],"_links":{"self":[{"href":"https:\/\/toompark.com\/pq\/wp-json\/wp\/v2\/pages\/204","targetHints":{"allow":["GET"]}}],"collection":[{"href":"https:\/\/toompark.com\/pq\/wp-json\/wp\/v2\/pages"}],"about":[{"href":"https:\/\/toompark.com\/pq\/wp-json\/wp\/v2\/types\/page"}],"author":[{"embeddable":true,"href":"https:\/\/toompark.com\/pq\/wp-json\/wp\/v2\/users\/2"}],"replies":[{"embeddable":true,"href":"https:\/\/toompark.com\/pq\/wp-json\/wp\/v2\/comments?post=204"}],"version-history":[{"count":17,"href":"https:\/\/toompark.com\/pq\/wp-json\/wp\/v2\/pages\/204\/revisions"}],"predecessor-version":[{"id":231,"href":"https:\/\/toompark.com\/pq\/wp-json\/wp\/v2\/pages\/204\/revisions\/231"}],"up":[{"embeddable":true,"href":"https:\/\/toompark.com\/pq\/wp-json\/wp\/v2\/pages\/5"}],"wp:attachment":[{"href":"https:\/\/toompark.com\/pq\/wp-json\/wp\/v2\/media?parent=204"}],"curies":[{"name":"wp","href":"https:\/\/api.w.org\/{rel}","templated":true}]}}